{"id":339,"date":"2021-03-24T16:55:55","date_gmt":"2021-03-24T16:55:55","guid":{"rendered":"https:\/\/paulacheshire.com\/?page_id=339"},"modified":"2021-03-24T16:55:55","modified_gmt":"2021-03-24T16:55:55","slug":"cookies","status":"publish","type":"page","link":"https:\/\/paulacheshire.com\/en\/cookies\/","title":{"rendered":"Cookies"},"content":{"rendered":"<div class=\"wpb-content-wrapper\">\n<div  data-mk-stretch-content=\"true\" class=\"wpb_row vc_row vc_row-fluid jupiter-donut- mk-fullwidth-false  attched-false     js-master-row  mk-grid\">\n\t\t\t\t\n<div class=\"vc_col-sm-12 wpb_column column_container  jupiter-donut- _ jupiter-donut-height-full\">\n\t\t<div class=\"vc_custom_1616604951003\">\n\n<div id=\"text-block-2\" class=\"mk-text-block  jupiter-donut-\">\n\n\t\n\t<section class=\"elementor-element elementor-element-73b249b7 elementor-section-boxed elementor-section-height-default elementor-section-height-default elementor-section elementor-top-section\" data-id=\"73b249b7\" data-element_type=\"section\">\n<div class=\"elementor-container elementor-column-gap-default\">\n<div class=\"elementor-row\">\n<div class=\"elementor-element elementor-element-5494aca4 elementor-column elementor-col-100 elementor-top-column\" data-id=\"5494aca4\" data-element_type=\"column\">\n<div class=\"elementor-column-wrap elementor-element-populated\">\n<div class=\"elementor-widget-wrap\">\n<div class=\"elementor-element elementor-element-66fc6202 elementor-widget elementor-widget-heading\" data-id=\"66fc6202\" data-element_type=\"widget\" data-widget_type=\"heading.default\">\n<div class=\"elementor-widget-container\">\n<h1 class=\"elementor-heading-title elementor-size-default\">Cookies policy<\/h1>\n<\/div>\n<\/div>\n<\/div>\n<\/div>\n<\/div>\n<\/div>\n<\/div>\n<\/section>\n<section class=\"elementor-element elementor-element-3bf97b6b elementor-section-boxed elementor-section-height-default elementor-section-height-default elementor-section elementor-top-section\" data-id=\"3bf97b6b\" data-element_type=\"section\">\n<div class=\"elementor-container elementor-column-gap-default\">\n<div class=\"elementor-row\">\n<div class=\"elementor-element elementor-element-2d99d285 elementor-column elementor-col-100 elementor-top-column\" data-id=\"2d99d285\" data-element_type=\"column\">\n<div class=\"elementor-column-wrap elementor-element-populated\">\n<div class=\"elementor-widget-wrap\">\n<div class=\"elementor-element elementor-element-48a8183b elementor-widget elementor-widget-text-editor\" data-id=\"48a8183b\" data-element_type=\"widget\" data-widget_type=\"text-editor.default\">\n<div class=\"elementor-widget-container\">\n<div class=\"elementor-text-editor elementor-clearfix\">\n<section id=\"reunidos\">\n<h2>Introducci\u00f3n<\/h2>\n<p>Mediante el presente aviso de la web https:\/\/paulacheshire.com con titular Paula Garc\u00eda V\u00e1zquez. le informa de su pol\u00edtica de cookies, cumpliendo as\u00ed con lo previsto en el art\u00edculo 22.2 de la Ley 34\/2002, de 11 de julio de Servicios de la Sociedad de la Informaci\u00f3n y de Comercio Electr\u00f3nico.<\/p>\n<\/section>\n<section id=\"exponen\">\n<h2>Qu\u00e9 es una cookie<\/h2>\n<p>Cookie es un fichero que se descarga en su ordenador al acceder a determinadas p\u00e1ginas web. Las cookies permiten a una p\u00e1gina web, entre otras cosas, almacenar y recuperar informaci\u00f3n sobre los h\u00e1bitos de navegaci\u00f3n de un usuario o de su equipo y, dependiendo de la informaci\u00f3n que contengan y de la forma en que utilice su equipo, pueden utilizarse para reconocer al usuario. El navegador del usuario memoriza cookies en el disco duro solamente durante la sesi\u00f3n actual ocupando un espacio de memoria m\u00ednimo y no perjudicando su ordenador. Las cookies no contienen ninguna clase de informaci\u00f3n personal espec\u00edfica, y la mayor\u00eda de las mismas se borran del disco duro al finalizar la sesi\u00f3n de navegador.<\/p>\n<p>La mayor\u00eda de los navegadores aceptan como est\u00e1ndar a las cookies y, con independencia de las mismas, permiten o impiden en los ajustes de seguridad las cookies temporales o memorizadas.<\/p>\n<p>Sin su consentimiento mediante la activaci\u00f3n de las cookies en su navegador, no se enlazar\u00e1 en las cookies los datos memorizados con sus datos personales proporcionados en el momento del registro o la compra.<\/p>\n<\/section>\n<section id=\"clausulas\">\n<div>\n<h2>Qu\u00e9 tipos de cookies utiliza esta p\u00e1gina web<\/h2>\n<h3>Propiedad<\/h3>\n<p><strong>\u2013 Cookies propias:<\/strong>\u00a0Son aqu\u00e9llas que se env\u00edan al equipo terminal del usuario desde un equipo o dominio gestionado por el propio editor y desde el que se presta el servicio solicitado por el usuario.<\/p>\n<p><strong>\u2013 Cookies de terceros:<\/strong>\u00a0Son aqu\u00e9llas que se env\u00edan al equipo terminal del usuario desde un equipo o dominio que no es gestionado por el editor, sino por otra entidad que trata los datos obtenidos trav\u00e9s de las cookies.<\/p>\n<\/div>\n<h3>Finalidad<\/h3>\n<p><strong>\u2013 Cookies de sesi\u00f3n:<\/strong>\u00a0Son un tipo de cookies dise\u00f1adas para recabar y almacenar datos mientras el usuario accede a una p\u00e1gina web.<\/p>\n<p><strong>\u2013 Cookies persistentes:<\/strong>\u00a0Son un tipo de cookies en el que los datos siguen almacenados en el terminal y pueden ser accedidos y tratados durante un periodo definido por el responsable de la cookie, y que puede ir de unos minutos a varios a\u00f1os.<\/p>\n<p><strong>\u2013 Cookies t\u00e9cnicas:<\/strong>\u00a0Son aqu\u00e9llas que permiten al usuario la navegaci\u00f3n a trav\u00e9s de una p\u00e1gina web, plataforma o aplicaci\u00f3n y la utilizaci\u00f3n de las diferentes opciones o servicios que en ella existan como, por ejemplo, controlar el tr\u00e1fico y la comunicaci\u00f3n de datos, identificar la sesi\u00f3n, acceder a partes de acceso restringido, recordar los elementos que integran un pedido, realizar el proceso de compra de un pedido, realizar la solicitud de inscripci\u00f3n o participaci\u00f3n en un evento, utilizar elementos de seguridad durante la navegaci\u00f3n, almacenar contenidos para la difusi\u00f3n de videos o sonido o compartir contenidos a trav\u00e9s de redes sociales..<\/p>\n<p><strong>\u2013 Cookies de an\u00e1lisis:<\/strong>\u00a0Son aqu\u00e9llas que bien tratadas por nosotros o por terceros, nos permiten cuantificar el n\u00famero de usuarios y as\u00ed realizar la medici\u00f3n y an\u00e1lisis estad\u00edstico de la utilizaci\u00f3n que hacen los usuarios del servicio ofertado. Para ello se analiza su navegaci\u00f3n en nuestra p\u00e1gina web con el fin de mejorar la oferta de productos o servicios que le ofrecemos.<\/p>\n<div>\n<p>El Usuario acepta expresamente, por la utilizaci\u00f3n de este portal, el tratamiento de la informaci\u00f3n recabada en la forma y con los fines anteriormente mencionados. Y asimismo reconoce conocer la posibilidad de rechazar el tratamiento de tales datos o informaci\u00f3n rechazando el uso de Cookies mediante la selecci\u00f3n de la configuraci\u00f3n apropiada a tal fin en su navegador. Si bien esta opci\u00f3n de bloqueo de Cookies en su navegador puede no permitirle el uso pleno de todas las funcionalidades de la web.<\/p>\n<p>Puede usted permitir, bloquear o eliminar las cookies instaladas en su equipo mediante la configuraci\u00f3n de las opciones del navegador instalado en su ordenador:<\/p>\n<p>Para m\u00e1s informaci\u00f3n sobre el navegador Chrome: https:\/\/support.google.com\/chrome\/answer\/95647?hl=es&amp;hlrm=en<\/p>\n<p>Para m\u00e1s informaci\u00f3n sobre el navegador Firefox: https:\/\/support.mozilla.org\/es\/kb\/cookies-informacion-que-los-sitios-web-guardan-en-?redirectlocale=en-US&amp;redirectslug=Cookies<\/p>\n<p>Para m\u00e1s informaci\u00f3n sobre el navegador Internet Explorer: http:\/\/windows.microsoft.com\/es-xl\/internet-explorer\/delete-manage-cookies%22%20%20%5Cl%20%22ie=ie-10<\/p>\n<p>Para m\u00e1s informaci\u00f3n sobre el navegador Safari: http:\/\/support.apple.com\/kb\/PH19214?viewlocale=es_ES&amp;locale=en_GB<\/p>\n<p>Para m\u00e1s informaci\u00f3n sobre el uso de cookies, tipolog\u00eda, etc., puede consultar la gu\u00eda elaborada por la Agencia Espa\u00f1ola de Protecci\u00f3n de Datos en el siguiente enlace: http:\/\/www.agpd.es\/portalwebAGPD\/canaldocumentacion\/publicaciones\/common\/Guias\/Guia_Cookies.pdf<\/p>\n<\/div>\n<\/section>\n<\/div>\n<\/div>\n<\/div>\n<\/div>\n<\/div>\n<\/div>\n<\/div>\n<\/div>\n<\/section>\n\n\t<div class=\"clearboth\"><\/div>\n<\/div>\n\n\t<\/div>\n<\/div>\n\t<\/div>\n\n<\/div>","protected":false},"excerpt":{"rendered":"Pol\u00edtica de cookies Introducci\u00f3n Mediante el presente aviso de la web https:\/\/paulacheshire.com con titular Paula Garc\u00eda V\u00e1zquez. le informa de su pol\u00edtica de cookies, cumpliendo as\u00ed con lo previsto en el art\u00edculo 22.2 de la Ley 34\/2002, de 11 de julio de Servicios de la Sociedad de la Informaci\u00f3n y de Comercio Electr\u00f3nico. Qu\u00e9 es [...]","protected":false},"author":1,"featured_media":0,"parent":0,"menu_order":0,"comment_status":"closed","ping_status":"closed","template":"","meta":{"footnotes":""},"class_list":["post-339","page","type-page","status-publish","hentry"],"yoast_head":"<!-- This site is optimized with the Yoast SEO plugin v27.4 - https:\/\/yoast.com\/product\/yoast-seo-wordpress\/ -->\n<title>Cookies - Paula Cheshire | Ilustraci&oacute;n<\/title>\n<meta name=\"robots\" content=\"index, follow, max-snippet:-1, max-image-preview:large, max-video-preview:-1\" \/>\n<link rel=\"canonical\" href=\"https:\/\/paulacheshire.com\/en\/cookies\/\" \/>\n<meta property=\"og:locale\" content=\"en_GB\" \/>\n<meta property=\"og:type\" content=\"article\" \/>\n<meta property=\"og:title\" content=\"Cookies - Paula Cheshire | Ilustraci&oacute;n\" \/>\n<meta property=\"og:url\" content=\"https:\/\/paulacheshire.com\/en\/cookies\/\" \/>\n<meta property=\"og:site_name\" content=\"Paula Cheshire | Ilustraci&oacute;n\" \/>\n<meta name=\"twitter:card\" content=\"summary_large_image\" \/>\n<meta name=\"twitter:label1\" content=\"Estimated reading time\" \/>\n\t<meta name=\"twitter:data1\" content=\"4 minutes\" \/>\n<script type=\"application\/ld+json\" class=\"yoast-schema-graph\">{\"@context\":\"https:\\\/\\\/schema.org\",\"@graph\":[{\"@type\":\"WebPage\",\"@id\":\"https:\\\/\\\/paulacheshire.com\\\/cookies\\\/\",\"url\":\"https:\\\/\\\/paulacheshire.com\\\/cookies\\\/\",\"name\":\"Cookies - Paula Cheshire | Ilustraci&oacute;n\",\"isPartOf\":{\"@id\":\"https:\\\/\\\/paulacheshire.com\\\/#website\"},\"datePublished\":\"2021-03-24T16:55:55+00:00\",\"breadcrumb\":{\"@id\":\"https:\\\/\\\/paulacheshire.com\\\/cookies\\\/#breadcrumb\"},\"inLanguage\":\"en-GB\",\"potentialAction\":[{\"@type\":\"ReadAction\",\"target\":[\"https:\\\/\\\/paulacheshire.com\\\/cookies\\\/\"]}]},{\"@type\":\"BreadcrumbList\",\"@id\":\"https:\\\/\\\/paulacheshire.com\\\/cookies\\\/#breadcrumb\",\"itemListElement\":[{\"@type\":\"ListItem\",\"position\":1,\"name\":\"Portada\",\"item\":\"https:\\\/\\\/paulacheshire.com\\\/\"},{\"@type\":\"ListItem\",\"position\":2,\"name\":\"Cookies\"}]},{\"@type\":\"WebSite\",\"@id\":\"https:\\\/\\\/paulacheshire.com\\\/#website\",\"url\":\"https:\\\/\\\/paulacheshire.com\\\/\",\"name\":\"Paula Cheshire | Ilustraci&oacute;n\",\"description\":\"Ilustraci&oacute;n y dise&ntilde;o\",\"potentialAction\":[{\"@type\":\"SearchAction\",\"target\":{\"@type\":\"EntryPoint\",\"urlTemplate\":\"https:\\\/\\\/paulacheshire.com\\\/?s={search_term_string}\"},\"query-input\":{\"@type\":\"PropertyValueSpecification\",\"valueRequired\":true,\"valueName\":\"search_term_string\"}}],\"inLanguage\":\"en-GB\"}]}<\/script>\n<!-- \/ Yoast SEO plugin. -->","yoast_head_json":{"title":"Cookies - Paula Cheshire | Ilustraci&oacute;n","robots":{"index":"index","follow":"follow","max-snippet":"max-snippet:-1","max-image-preview":"max-image-preview:large","max-video-preview":"max-video-preview:-1"},"canonical":"https:\/\/paulacheshire.com\/en\/cookies\/","og_locale":"en_GB","og_type":"article","og_title":"Cookies - Paula Cheshire | Ilustraci&oacute;n","og_url":"https:\/\/paulacheshire.com\/en\/cookies\/","og_site_name":"Paula Cheshire | Ilustraci&oacute;n","twitter_card":"summary_large_image","twitter_misc":{"Estimated reading time":"4 minutes"},"schema":{"@context":"https:\/\/schema.org","@graph":[{"@type":"WebPage","@id":"https:\/\/paulacheshire.com\/cookies\/","url":"https:\/\/paulacheshire.com\/cookies\/","name":"Cookies - Paula Cheshire | Ilustraci&oacute;n","isPartOf":{"@id":"https:\/\/paulacheshire.com\/#website"},"datePublished":"2021-03-24T16:55:55+00:00","breadcrumb":{"@id":"https:\/\/paulacheshire.com\/cookies\/#breadcrumb"},"inLanguage":"en-GB","potentialAction":[{"@type":"ReadAction","target":["https:\/\/paulacheshire.com\/cookies\/"]}]},{"@type":"BreadcrumbList","@id":"https:\/\/paulacheshire.com\/cookies\/#breadcrumb","itemListElement":[{"@type":"ListItem","position":1,"name":"Portada","item":"https:\/\/paulacheshire.com\/"},{"@type":"ListItem","position":2,"name":"Cookies"}]},{"@type":"WebSite","@id":"https:\/\/paulacheshire.com\/#website","url":"https:\/\/paulacheshire.com\/","name":"Paula Cheshire | Ilustraci&oacute;n","description":"Ilustraci&oacute;n y dise&ntilde;o","potentialAction":[{"@type":"SearchAction","target":{"@type":"EntryPoint","urlTemplate":"https:\/\/paulacheshire.com\/?s={search_term_string}"},"query-input":{"@type":"PropertyValueSpecification","valueRequired":true,"valueName":"search_term_string"}}],"inLanguage":"en-GB"}]}},"_links":{"self":[{"href":"https:\/\/paulacheshire.com\/en\/wp-json\/wp\/v2\/pages\/339","targetHints":{"allow":["GET"]}}],"collection":[{"href":"https:\/\/paulacheshire.com\/en\/wp-json\/wp\/v2\/pages"}],"about":[{"href":"https:\/\/paulacheshire.com\/en\/wp-json\/wp\/v2\/types\/page"}],"author":[{"embeddable":true,"href":"https:\/\/paulacheshire.com\/en\/wp-json\/wp\/v2\/users\/1"}],"replies":[{"embeddable":true,"href":"https:\/\/paulacheshire.com\/en\/wp-json\/wp\/v2\/comments?post=339"}],"version-history":[{"count":1,"href":"https:\/\/paulacheshire.com\/en\/wp-json\/wp\/v2\/pages\/339\/revisions"}],"predecessor-version":[{"id":340,"href":"https:\/\/paulacheshire.com\/en\/wp-json\/wp\/v2\/pages\/339\/revisions\/340"}],"wp:attachment":[{"href":"https:\/\/paulacheshire.com\/en\/wp-json\/wp\/v2\/media?parent=339"}],"curies":[{"name":"wp","href":"https:\/\/api.w.org\/{rel}","templated":true}]}}