{"id":3,"date":"2020-11-24T19:24:05","date_gmt":"2020-11-24T19:24:05","guid":{"rendered":"http:\/\/paulacheshire.com\/?page_id=3"},"modified":"2021-03-24T16:53:41","modified_gmt":"2021-03-24T16:53:41","slug":"aviso-legal","status":"publish","type":"page","link":"https:\/\/paulacheshire.com\/en\/aviso-legal\/","title":{"rendered":"Legal notice"},"content":{"rendered":"<div class=\"wpb-content-wrapper\">\n<div  data-mk-stretch-content=\"true\" class=\"wpb_row vc_row vc_row-fluid jupiter-donut- mk-fullwidth-false  attched-false     js-master-row  mk-grid\">\n\t\t\t\t\n<div class=\"vc_col-sm-12 wpb_column column_container  jupiter-donut- _ jupiter-donut-height-full\">\n\t\t<div class=\"vc_custom_1616604754444\">\n\n<div id=\"text-block-2\" class=\"mk-text-block  jupiter-donut-\">\n\n\t\n\t<h2>Introducci\u00f3n<\/h2>\n<section id=\"reunidos\">\n<p>Las presentes condiciones de uso de la p\u00e1gina web, regulan los t\u00e9rminos de acceso y uso de https:\/\/paulacheshire.com\/, propiedad de Paula Garc\u00eda V\u00e1zquez con domicilio en Calle Benito Corbal 41, 2D, Pontevedra y con NIF 77405653G, en adelante, \u201cla Empresa\u201d, que el usuario del portal deber\u00e1 aceptar para usar todos los servicios e informaci\u00f3n que se facilitan desde el portal.<\/p>\n<p>El usuario as\u00ed como la Empresa, propietaria del portal, podr\u00e1n ser denominados conjuntamente como las partes. El mero acceso o utilizaci\u00f3n del portal, de todos o parte de sus contenidos y servicios significa la plena aceptaci\u00f3n de las presentes condiciones de uso. La puesta a disposici\u00f3n y el uso del portal se entiende sometida al estricto cumplimiento de los t\u00e9rminos recogidos en las presentes condiciones de uso del portal.<\/p>\n<\/section>\n<section id=\"exponen\">\n<h2>Regulaci\u00f3n de las condiciones de uso<\/h2>\n<p>Las presentes condiciones generales de uso del portal regulan el acceso y la utilizaci\u00f3n del portal, incluyendo los contenidos y los servicios puestos a disposici\u00f3n de los usuarios en y\/o a trav\u00e9s del portal, bien por el portal, bien por sus usuarios o por cualquier tercero. No obstante, el acceso y la utilizaci\u00f3n de ciertos contenidos y\/o servicios pueden encontrarse sometidos a determinadas condiciones espec\u00edficas.<\/p>\n<\/section>\n<section id=\"clausulas\">\n<div>\n<h2>Modificaciones<\/h2>\n<p>La Empresa se reserva la facultad de modificar en cualquier momento las condiciones generales de uso del portal. En todo caso, se recomienda que consulte peri\u00f3dicamente las presentes condiciones generales de uso del portal, ya que pueden ser modificadas.<\/p>\n<\/div>\n<div>\n<h2>Contenido de la e-commerce<\/h2>\n<h3>Informaci\u00f3n y servicios<\/h3>\n<p>Los usuarios pueden acceder a trav\u00e9s del portal a diferente tipo de informaci\u00f3n y servicios. El portal se reserva la facultad de modificar, en cualquier momento, y sin aviso previo, la presentaci\u00f3n y configuraci\u00f3n de la informaci\u00f3n y servicios ofrecidos desde el portal. El usuario reconoce y acepta expresamente que en cualquier momento el portal pueda interrumpir, desactivar y\/o cancelar cualquier informaci\u00f3n o servicio. El portal realizar\u00e1 sus mejores esfuerzos para intentar garantizar la disponibilidad y accesibilidad a la web. No obstante, en ocasiones, por razones de mantenimiento, actualizaci\u00f3n, cambio de ubicaci\u00f3n, etc., podr\u00e1 suponer la interrupci\u00f3n del acceso al portal.<\/p>\n<\/div>\n<div>\n<h3>Disponibilidad de la informaci\u00f3n y servicios del portal<\/h3>\n<p>El portal no garantiza la disponibilidad continua y permanente de los servicios, quedando de este modo exonerado de cualquier responsabilidad por posibles da\u00f1os y perjuicios causados como consecuencia de la falta de disponibilidad del servicio por motivos de fuerza mayor o errores en las redes telem\u00e1ticas de transferencia de datos, ajenos a su voluntad, o por desconexiones realizadas por trabajos de mejora o mantenimiento de los equipos y sistemas inform\u00e1ticos. En estos casos, el portal har\u00e1 sus mejores esfuerzos para avisar con una antelaci\u00f3n de 24 horas a la interrupci\u00f3n. El portal no ser\u00e1 responsable por la interrupci\u00f3n, suspensi\u00f3n o finalizaci\u00f3n de la informaci\u00f3n o servicios. As\u00ed mismo, no se responsabiliza de las posibles omisiones, p\u00e9rdidas de informaci\u00f3n, datos, configuraciones, accesos indebidos o vulneraci\u00f3n de la confidencialidad que tengan origen en problemas t\u00e9cnicos, de comunicaciones u omisiones humanas, causadas por terceros o no imputables al portal. Tampoco responder\u00e1 de los da\u00f1os producidos por ataques inform\u00e1ticos o causados por virus que afecten a programas inform\u00e1ticos, sistemas de comunicaciones o equipos utilizados por el Portal pero fabricados o facilitados por un tercero. El portal podr\u00e1, a su sola discreci\u00f3n, denegar, retirar, suspender y\/o bloquear en cualquier momento y sin necesidad de previo aviso el acceso a la informaci\u00f3n y servicios a aquellos usuarios que incumplan las presentes normas.<\/p>\n<\/div>\n<div>\n<h3>Responsabilidad del portal sobre los contenidos<\/h3>\n<p>La e-commerce no interviene en la creaci\u00f3n de aquellos contenidos y\/o servicios prestados o suministrados por terceras partes en y\/o a trav\u00e9s de la e-commerce, del mismo modo que tampoco controla su licitud. En cualquier caso, no ofrece ninguna clase de garant\u00eda sobre los mismos. El usuario reconoce que la e-commerce no es ni ser\u00e1 responsable de los contenidos y\/o servicios prestados o suministrados por terceras partes en y\/o a trav\u00e9s de la e-commerce. El usuario acepta que la e-commerce no asumir\u00e1 responsabilidad alguna por cualquier da\u00f1o o perjuicio producido como consecuencia de la utilizaci\u00f3n de esta informaci\u00f3n o servicios de terceros.<\/p>\n<p>Exceptuando los casos que la Ley imponga expresamente lo contrario, y exclusivamente con la medida y extensi\u00f3n en que lo imponga, la e-commerce no garantiza ni asume responsabilidad alguna respecto a los posibles da\u00f1os y perjuicios causados por el uso y utilizaci\u00f3n de la informaci\u00f3n, datos y servicios de la e-commerce.<\/p>\n<p>En todo caso, la e-commerce excluye cualquier responsabilidad por los da\u00f1os y perjuicios que puedan deberse a la informaci\u00f3n y\/o servicios prestados o suministrados por terceros diferentes de la Empresa. Toda responsabilidad ser\u00e1 del tercero ya sea proveedor, colaborador u otro.<\/p>\n<\/div>\n<div>\n<h2>Obligaciones del usuario<\/h2>\n<p>El usuario deber\u00e1 respetar en todo momento los t\u00e9rminos y condiciones establecidos en el presente aviso legal. De forma expresa, el usuario manifiesta que utilizar\u00e1 el portal de forma diligente y asumiendo cualquier responsabilidad que pudiera derivarse del incumplimiento de las normas.<\/p>\n<p>El usuario se obliga, en aquellos casos que se le soliciten datos o informaci\u00f3n, a no falsear su identidad haci\u00e9ndose pasar por cualquier otra persona. El usuario acepta que la utilizaci\u00f3n del Portal ser\u00e1 efectuada con fines estrictamente personales, privados y particulares. El usuario no podr\u00e1 utilizar el portal para actividades contrarias a la Ley, la moral y el orden p\u00fablico as\u00ed como para finalidades prohibidas o que vulneren o lesionen derechos de terceros. Asimismo, queda prohibida la difusi\u00f3n, almacenamiento y\/o gesti\u00f3n de datos o contenidos que infrinjan derechos de terceros o cualesquiera normativas reguladoras de derechos de propiedad intelectual o industrial.<\/p>\n<p>As\u00ed mismo, el usuario no podr\u00e1 utilizar el portal para transmitir, almacenar, divulgar promover o distribuir datos o contenidos que sean portadores de virus o cualquier otro c\u00f3digo inform\u00e1tico, archivos o programas dise\u00f1ados para interrumpir, destruir o perjudicar el funcionamiento de cualquier programa o equipo inform\u00e1tico o de telecomunicaciones.<\/p>\n<p>El usuario se obliga a indemnizar y a mantener indemnes al portal por cualquier da\u00f1o, perjuicio, sanci\u00f3n, multa, pena o indemnizaci\u00f3n que tenga que hacer frente el portal.<\/p>\n<\/div>\n<div>\n<h2>Pol\u00edtica de privacidad<\/h2>\n<h3>datos de car\u00e1cter personal<\/h3>\n<p>Los datos personales que obtenga el portal para la prestaci\u00f3n de cualquier servicio o utilizaci\u00f3n del portal se integrar\u00e1n en un fichero informatizado. Los datos obtenidos ser\u00e1n utilizados para ofrecer los servicios solicitados y tambi\u00e9n se utilizar\u00e1n para mantener informado al usuario sobre las novedades de los servicios y contenidos del portal, atendiendo, en su caso, a las preferencias que el usuario haya indicado. El usuario acepta recibir estos correos electr\u00f3nicos, siempre que est\u00e9n relacionados con las preferencias indicadas o servicios e informaci\u00f3n utilizada por el usuario.<\/p>\n<\/div>\n<div>\n<h3>Cumplimiento LOPD<\/h3>\n<p>El portal adopta para el tratamiento de los datos todas las medidas t\u00e9cnicas y organizativas de seguridad que sean de obligaci\u00f3n, de conformidad con lo establecido por la legislaci\u00f3n vigente.<\/p>\n<p>El usuario manifiesta de forma expresa que cualquier dato personal o de un tercero al que acceda, introduzca, modifique o suprima tiene derecho a hacerlo o dispone de la autorizaci\u00f3n expresa de este tercero. El portal informa al usuario que podr\u00e1 ejercer los derechos de acceso, rectificaci\u00f3n, oposici\u00f3n y cancelaci\u00f3n dirigi\u00e9ndose a la siguiente direcci\u00f3n: info.paulacheshire@gmail.com.<\/p>\n<\/div>\n<div>\n<h2>Propiedad intelectual e industrial<\/h2>\n<p>Todos los contenidos, marcas, logos, dibujos, documentaci\u00f3n, programas inform\u00e1ticos o cualquier otro elemento susceptible de protecci\u00f3n por la legislaci\u00f3n de propiedad intelectual o industrial, que sean accesibles en la e-commerce corresponden exclusivamente a la empresa o a sus leg\u00edtimos titulares y quedan expresamente reservados todos los derechos sobre los mismos.<\/p>\n<\/div>\n<div>\n<h3>Prohibiciones<\/h3>\n<p>En cualquier caso, la e-commerce se reserva todos los derechos sobre los contenidos, informaci\u00f3n datos y servicios que ostente sobre los mismos. La e-commerce no concede ninguna licencia o autorizaci\u00f3n de uso al usuario sobre sus contenidos, datos o servicios, distinta de la que expresamente se detalle en las presentes condiciones generales de uso de la e-commerce.<\/p>\n<\/div>\n<div>\n<h2>Otras disposiciones<\/h2>\n<h3>Legislaci\u00f3n aplicable y notificaciones<\/h3>\n<p>Las presentes condiciones se rigen y se interpretan de acuerdo a la legislaci\u00f3n espa\u00f1ola. Todas las notificaciones, requerimientos, peticiones y otras comunicaciones que el usuario desee efectuar a la Empresa titular de la e-commerce deber\u00e1n realizarse por escrito.<\/p>\n<\/div>\n<div>\n<h3>Nulidad e ineficacia de las cl\u00e1usulas<\/h3>\n<p>Si cualquier cl\u00e1usula incluida en las presentes Condiciones Generales fuese declarada, total o parcialmente, nula o ineficaz, tal nulidad o ineficacia tan s\u00f3lo afectar\u00e1 a dicha disposici\u00f3n o a la parte de la misma que resulte nula o ineficaz, subsistiendo las presentes condiciones generales en todo lo dem\u00e1s, consider\u00e1ndose tal disposici\u00f3n total o parcialmente por no incluida.<\/p>\n<\/div>\n<div>\n<h3>Buena fe y diligencia<\/h3>\n<p>Las Partes se comprometen a cumplir sus obligaciones y a ejercitar los derechos que se desprendan de las presentes condiciones conforme a las m\u00e1s estrictas exigencias de la buena fe y diligencia.<\/p>\n<\/div>\n<div>\n<h2>Condiciones de la compraventa<\/h2>\n<\/div>\n<div>\n<h3>Pol\u00edtica de devoluciones<\/h3>\n<p>Los clientes disponen de un plazo de desistimiento de 14 d\u00edas h\u00e1biles desde la fecha de recepci\u00f3n dentro de los cuales se podr\u00e1 revocar la compra y la empresa le devolver\u00e1 el importe abonado. En un plazo m\u00e1ximo de 14 d\u00edas de la recepci\u00f3n de la devoluci\u00f3n, la empresa se compromete a su reembolso.<\/p>\n<p>Para realizar de forma efectiva el derecho de desistimiento ser\u00e1 necesario: producto en perfecto estado.<\/p>\n<\/div>\n<div>\n<h3>Garant\u00eda<\/h3>\n<p>En caso de producto defectuoso, la empresa proceder\u00e1 seg\u00fan corresponda a la reparaci\u00f3n, sustituci\u00f3n, rebaja del precio o resoluci\u00f3n de la compra, gestiones que ser\u00e1n gratuitas para el consumidor. La empresa responde de las faltas de conformidad que se manifiesten dentro de un plazo de 2 meses desde la entrega.<\/p>\n<p>Para realizar de forma efectiva el derecho de desistimiento ser\u00e1 necesario: Compra cubierta si el producto recibido difiere de la descripci\u00f3n original o llega a destino en mal estado.<\/p>\n<\/div>\n<div>\n<h3>Condiciones de pago<\/h3>\n<p>El cliente declara que tiene plena capacidad para realizar la compra, siendo mayor de edad y estando en posesi\u00f3n de una tarjeta de cr\u00e9dito o d\u00e9bito v\u00e1lida y emitida por un banco que resulte aceptable para la empresa. El Cliente garantiza y se responsabiliza de que todos los datos facilitados sobre su tarjeta sean v\u00e1lidos.<\/p>\n<\/div>\n<div>\n<h3>Precios y disponibilidad<\/h3>\n<p>Todos los precios incluyen IVA. Los pedidos est\u00e1n sujetos a la disponibilidad del producto.<\/p>\n<\/div>\n<div>\n<h3>Env\u00edos<\/h3>\n<p>Los productos adquiridos se entregar\u00e1n a la persona y a la direcci\u00f3n indicada en el pedido y para territorio de Espa\u00f1a y extranjero.<\/p>\n<p>Los d\u00edas en los que se realizar\u00e1n las entregas ser\u00e1n: todos los d\u00edas excepto domingos y festivos.<\/p>\n<p>Su demora no implica anulaci\u00f3n del pedido ni indemnizaci\u00f3n alguna.<\/p>\n<p>Un pedido se considera entregado en el momento en que el transportista entrega el paquete o los paquetes al cliente y este firma el documento de recepci\u00f3n de entrega. Por tanto, corresponde al cliente verificar el estado de la mercanc\u00eda a la recepci\u00f3n e indicar todas las anomal\u00edas en el albar\u00e1n de recepci\u00f3n de entrega.<\/p>\n<p>Los gastos de env\u00edo de los pedidos ser\u00e1n asumidos por el cliente.<\/p>\n<p>Si la causa de la devoluci\u00f3n fuese que el art\u00edculo devuelto es defectuoso o no corresponde a lo solicitado en el pedido, la empresa correr\u00e1 con los gastos de la devoluci\u00f3n y nuevo env\u00edo.<\/p>\n<p>Si el motivo de la devoluci\u00f3n es que el pedido no le satisface, el cliente correr\u00e1 con los gastos de la devoluci\u00f3n y nuevo env\u00edo.<\/p>\n<\/div>\n<\/section>\n\n\t<div class=\"clearboth\"><\/div>\n<\/div>\n\n\t<\/div>\n<\/div>\n\t<\/div>\n\n<\/div>","protected":false},"excerpt":{"rendered":"Introducci\u00f3n Las presentes condiciones de uso de la p\u00e1gina web, regulan los t\u00e9rminos de acceso y uso de https:\/\/paulacheshire.com\/, propiedad de Paula Garc\u00eda V\u00e1zquez con domicilio en Calle Benito Corbal 41, 2D, Pontevedra y con NIF 77405653G, en adelante, \u201cla Empresa\u201d, que el usuario del portal deber\u00e1 aceptar para usar todos los servicios e informaci\u00f3n [...]","protected":false},"author":1,"featured_media":0,"parent":0,"menu_order":0,"comment_status":"closed","ping_status":"open","template":"","meta":{"footnotes":""},"class_list":["post-3","page","type-page","status-publish","hentry"],"yoast_head":"<!-- This site is optimized with the Yoast SEO plugin v27.4 - https:\/\/yoast.com\/product\/yoast-seo-wordpress\/ -->\n<title>Aviso legal - Paula Cheshire | Ilustraci&oacute;n<\/title>\n<meta name=\"robots\" content=\"index, follow, max-snippet:-1, max-image-preview:large, max-video-preview:-1\" \/>\n<link rel=\"canonical\" href=\"https:\/\/paulacheshire.com\/en\/aviso-legal\/\" \/>\n<meta property=\"og:locale\" content=\"en_GB\" \/>\n<meta property=\"og:type\" content=\"article\" \/>\n<meta property=\"og:title\" content=\"Aviso legal - Paula Cheshire | Ilustraci&oacute;n\" \/>\n<meta property=\"og:url\" content=\"https:\/\/paulacheshire.com\/en\/aviso-legal\/\" \/>\n<meta property=\"og:site_name\" content=\"Paula Cheshire | Ilustraci&oacute;n\" \/>\n<meta property=\"article:modified_time\" content=\"2021-03-24T16:53:41+00:00\" \/>\n<meta name=\"twitter:card\" content=\"summary_large_image\" \/>\n<meta name=\"twitter:label1\" content=\"Estimated reading time\" \/>\n\t<meta name=\"twitter:data1\" content=\"10 minutes\" \/>\n<script type=\"application\/ld+json\" class=\"yoast-schema-graph\">{\"@context\":\"https:\\\/\\\/schema.org\",\"@graph\":[{\"@type\":\"WebPage\",\"@id\":\"https:\\\/\\\/paulacheshire.com\\\/en\\\/aviso-legal\\\/\",\"url\":\"https:\\\/\\\/paulacheshire.com\\\/en\\\/aviso-legal\\\/\",\"name\":\"Aviso legal - Paula Cheshire | Ilustraci&oacute;n\",\"isPartOf\":{\"@id\":\"https:\\\/\\\/paulacheshire.com\\\/#website\"},\"datePublished\":\"2020-11-24T19:24:05+00:00\",\"dateModified\":\"2021-03-24T16:53:41+00:00\",\"breadcrumb\":{\"@id\":\"https:\\\/\\\/paulacheshire.com\\\/en\\\/aviso-legal\\\/#breadcrumb\"},\"inLanguage\":\"en-GB\",\"potentialAction\":[{\"@type\":\"ReadAction\",\"target\":[\"https:\\\/\\\/paulacheshire.com\\\/en\\\/aviso-legal\\\/\"]}]},{\"@type\":\"BreadcrumbList\",\"@id\":\"https:\\\/\\\/paulacheshire.com\\\/en\\\/aviso-legal\\\/#breadcrumb\",\"itemListElement\":[{\"@type\":\"ListItem\",\"position\":1,\"name\":\"Portada\",\"item\":\"https:\\\/\\\/paulacheshire.com\\\/\"},{\"@type\":\"ListItem\",\"position\":2,\"name\":\"Aviso legal\"}]},{\"@type\":\"WebSite\",\"@id\":\"https:\\\/\\\/paulacheshire.com\\\/#website\",\"url\":\"https:\\\/\\\/paulacheshire.com\\\/\",\"name\":\"Paula Cheshire | Ilustraci&oacute;n\",\"description\":\"Ilustraci&oacute;n y dise&ntilde;o\",\"potentialAction\":[{\"@type\":\"SearchAction\",\"target\":{\"@type\":\"EntryPoint\",\"urlTemplate\":\"https:\\\/\\\/paulacheshire.com\\\/?s={search_term_string}\"},\"query-input\":{\"@type\":\"PropertyValueSpecification\",\"valueRequired\":true,\"valueName\":\"search_term_string\"}}],\"inLanguage\":\"en-GB\"}]}<\/script>\n<!-- \/ Yoast SEO plugin. -->","yoast_head_json":{"title":"Aviso legal - Paula Cheshire | Ilustraci&oacute;n","robots":{"index":"index","follow":"follow","max-snippet":"max-snippet:-1","max-image-preview":"max-image-preview:large","max-video-preview":"max-video-preview:-1"},"canonical":"https:\/\/paulacheshire.com\/en\/aviso-legal\/","og_locale":"en_GB","og_type":"article","og_title":"Aviso legal - Paula Cheshire | Ilustraci&oacute;n","og_url":"https:\/\/paulacheshire.com\/en\/aviso-legal\/","og_site_name":"Paula Cheshire | Ilustraci&oacute;n","article_modified_time":"2021-03-24T16:53:41+00:00","twitter_card":"summary_large_image","twitter_misc":{"Estimated reading time":"10 minutes"},"schema":{"@context":"https:\/\/schema.org","@graph":[{"@type":"WebPage","@id":"https:\/\/paulacheshire.com\/en\/aviso-legal\/","url":"https:\/\/paulacheshire.com\/en\/aviso-legal\/","name":"Aviso legal - Paula Cheshire | Ilustraci&oacute;n","isPartOf":{"@id":"https:\/\/paulacheshire.com\/#website"},"datePublished":"2020-11-24T19:24:05+00:00","dateModified":"2021-03-24T16:53:41+00:00","breadcrumb":{"@id":"https:\/\/paulacheshire.com\/en\/aviso-legal\/#breadcrumb"},"inLanguage":"en-GB","potentialAction":[{"@type":"ReadAction","target":["https:\/\/paulacheshire.com\/en\/aviso-legal\/"]}]},{"@type":"BreadcrumbList","@id":"https:\/\/paulacheshire.com\/en\/aviso-legal\/#breadcrumb","itemListElement":[{"@type":"ListItem","position":1,"name":"Portada","item":"https:\/\/paulacheshire.com\/"},{"@type":"ListItem","position":2,"name":"Aviso legal"}]},{"@type":"WebSite","@id":"https:\/\/paulacheshire.com\/#website","url":"https:\/\/paulacheshire.com\/","name":"Paula Cheshire | Ilustraci&oacute;n","description":"Ilustraci&oacute;n y dise&ntilde;o","potentialAction":[{"@type":"SearchAction","target":{"@type":"EntryPoint","urlTemplate":"https:\/\/paulacheshire.com\/?s={search_term_string}"},"query-input":{"@type":"PropertyValueSpecification","valueRequired":true,"valueName":"search_term_string"}}],"inLanguage":"en-GB"}]}},"_links":{"self":[{"href":"https:\/\/paulacheshire.com\/en\/wp-json\/wp\/v2\/pages\/3","targetHints":{"allow":["GET"]}}],"collection":[{"href":"https:\/\/paulacheshire.com\/en\/wp-json\/wp\/v2\/pages"}],"about":[{"href":"https:\/\/paulacheshire.com\/en\/wp-json\/wp\/v2\/types\/page"}],"author":[{"embeddable":true,"href":"https:\/\/paulacheshire.com\/en\/wp-json\/wp\/v2\/users\/1"}],"replies":[{"embeddable":true,"href":"https:\/\/paulacheshire.com\/en\/wp-json\/wp\/v2\/comments?post=3"}],"version-history":[{"count":1,"href":"https:\/\/paulacheshire.com\/en\/wp-json\/wp\/v2\/pages\/3\/revisions"}],"predecessor-version":[{"id":337,"href":"https:\/\/paulacheshire.com\/en\/wp-json\/wp\/v2\/pages\/3\/revisions\/337"}],"wp:attachment":[{"href":"https:\/\/paulacheshire.com\/en\/wp-json\/wp\/v2\/media?parent=3"}],"curies":[{"name":"wp","href":"https:\/\/api.w.org\/{rel}","templated":true}]}}